{"id":12363,"date":"2024-06-03T14:51:56","date_gmt":"2024-06-03T12:51:56","guid":{"rendered":"https:\/\/www.adrianatravel.com\/eu-fondovi\/"},"modified":"2025-11-24T08:38:45","modified_gmt":"2025-11-24T07:38:45","slug":"eu-fondovi","status":"publish","type":"page","link":"https:\/\/www.adrianatravel.com\/hr\/eu-fondovi\/","title":{"rendered":"EU Fondovi"},"content":{"rendered":"\t\t<div data-elementor-type=\"wp-page\" data-elementor-id=\"12363\" class=\"elementor elementor-12363 elementor-6860\" data-elementor-post-type=\"page\">\n\t\t\t\t\t\t<section class=\"elementor-section elementor-top-section elementor-element elementor-element-60ef8b56 elementor-section-height-min-height cs-section-content-fullwidth cs-parallax-on-scroll cs_scroll_y_80 elementor-section-boxed elementor-section-height-default elementor-section-items-middle\" data-id=\"60ef8b56\" data-element_type=\"section\" data-e-type=\"section\" data-settings=\"{&quot;background_background&quot;:&quot;classic&quot;}\" data-cs-parallax-y=\"80\">\n\t\t\t\t\t\t\t<div class=\"elementor-background-overlay\"><\/div>\n\t\t\t\t\t\t\t<div class=\"elementor-container elementor-column-gap-no\">\n\t\t\t\t\t<div class=\"elementor-column elementor-col-100 elementor-top-column elementor-element elementor-element-fbfbd71 dark-color\" data-id=\"fbfbd71\" data-element_type=\"column\" data-e-type=\"column\">\n\t\t\t<div class=\"elementor-widget-wrap elementor-element-populated\">\n\t\t\t\t\t\t<div class=\"elementor-element elementor-element-603e7ae8 elementor-absolute elementor-widget elementor-widget-cs_title\" data-id=\"603e7ae8\" data-element_type=\"widget\" data-e-type=\"widget\" data-settings=\"{&quot;_position&quot;:&quot;absolute&quot;}\" data-widget_type=\"cs_title.default\">\n\t\t\t\t<div class=\"elementor-widget-container\">\n\t\t\t\t\t\n        <div class=\"cs-title-wrap text-left\">\t            <h1 class=\"cs-title\">\n\t                EU Fondovi\t            <\/h1>        <\/div>\t\t\t\t<\/div>\n\t\t\t\t<\/div>\n\t\t\t\t\t<\/div>\n\t\t<\/div>\n\t\t\t\t\t<\/div>\n\t\t<\/section>\n\t\t<div class=\"elementor-element elementor-element-31d1eec9 e-flex e-con-boxed e-con e-parent\" data-id=\"31d1eec9\" data-element_type=\"container\" data-e-type=\"container\">\n\t\t\t\t\t<div class=\"e-con-inner\">\n\t\t<div class=\"elementor-element elementor-element-38b810ed e-con-full e-flex e-con e-child\" data-id=\"38b810ed\" data-element_type=\"container\" data-e-type=\"container\">\n\t\t\t\t<div class=\"elementor-element elementor-element-67d1af37 elementor-widget elementor-widget-text-editor\" data-id=\"67d1af37\" data-element_type=\"widget\" data-e-type=\"widget\" data-widget_type=\"text-editor.default\">\n\t\t\t\t<div class=\"elementor-widget-container\">\n\t\t\t\t\t\t\t\t\t<p style=\"font-weight: 400;\">Cilj projekta &#8220;Pove\u0107anje konkurentnosti na me\u0111unarodnom tr\u017ei\u0161tu dru\u0161tva Aronda Adriana Travel d.o.o.&#8221; je ja\u010de etabliranje pove\u0107anje i konkurentnosti na inozemnim tr\u017ei\u0161tima sudjeluju\u0107i na me\u0111unarodnim turisti\u010dkimsajmovima kako bi upoznalo strane poslovne partnere s turisti\u010dkim uslugama koje nudi gostima \u0161to \u0107e omogu\u0107iti pove\u0107anje konkurentnosti Dru\u0161tva na me\u0111unarodnoj i globalnoj razini.Ciljane skupine obuhva\u0107ene projektom su svi zaposlenici Dru\u0161tva, sada\u0161nji i budu\u0107i klijenti i partneri te bli\u017ea i \u0161ira dru\u0161tvena zajednica.<\/p><p style=\"font-weight: 400;\">Naziv projekta: Pove\u0107anje konkurentnosti na me\u0111unarodnom tr\u017ei\u0161tu dru\u0161tva Aronda Adriana Travel d.o.o.<\/p><p style=\"font-weight: 400;\">Naziv korisnika: Aronda Adriana Travel d.o.o.<\/p><p style=\"font-weight: 400;\">Ukupna vrijednost projekta: 1.215.105,00 HRK<\/p><p style=\"font-weight: 400;\">EU sufinanciranje projekta: 988.265,75 HRK<\/p><p style=\"font-weight: 400;\">Razdoblje provedbe projekta: 15. sije\u010dnja 2019. do 15. listopada 2020.   <\/p><p style=\"font-weight: 400;\">Za vi\u0161e informacija o projektu mo\u017eete kontaktirati na: <a href=\"mailto:info@adrianatravel.com\">info@adrianatravel.com<\/a><\/p><p style=\"font-weight: 400;\"><em>Za vi\u0161e informacija o Europskim strukturnim i investicijskim fondovima posjetite <a href=\"http:\/\/www.strukturnifondovi.hr\/\" data-saferedirecturl=\"https:\/\/www.google.com\/url?q=http:\/\/www.strukturnifondovi.hr\/&amp;source=gmail&amp;ust=1717505119933000&amp;usg=AOvVaw1dyRBEtOAndorMpq9FtLGr\">www.strukturnifondovi.hr<\/a><\/em><\/p>\t\t\t\t\t\t\t\t<\/div>\n\t\t\t\t<\/div>\n\t\t\t\t<\/div>\n\t\t\t\t\t<\/div>\n\t\t\t\t<\/div>\n\t\t\t\t<\/div>\n\t\t","protected":false},"excerpt":{"rendered":"<p>EU Fondovi Cilj projekta &#8220;Pove\u0107anje konkurentnosti na me\u0111unarodnom tr\u017ei\u0161tu dru\u0161tva Aronda Adriana Travel d.o.o.&#8221; je ja\u010de etabliranje pove\u0107anje i konkurentnosti na inozemnim tr\u017ei\u0161tima sudjeluju\u0107i na me\u0111unarodnim turisti\u010dkimsajmovima kako bi upoznalo strane poslovne partnere s turisti\u010dkim uslugama koje nudi gostima \u0161to \u0107e omogu\u0107iti pove\u0107anje konkurentnosti Dru\u0161tva na me\u0111unarodnoj i globalnoj razini.Ciljane skupine obuhva\u0107ene projektom su svi &#8230;<\/p>\n","protected":false},"author":2,"featured_media":0,"parent":0,"menu_order":0,"comment_status":"closed","ping_status":"closed","template":"elementor_header_footer","meta":{"_seopress_robots_primary_cat":"","_seopress_titles_title":"EU Funds | Adriana Travel","_seopress_titles_desc":"Adriana Travel's European Regional Development Fund Projects","_seopress_robots_index":"","cozystay_single_page_hide_site_header":"","cozystay_single_page_site_header_source":"","cozystay_single_page_custom_site_header":"0","cozystay_single_page_custom_sticky_site_header":"0","cozystay_single_page_hide_page_title":"","cozystay_single_page_header_section_size":"","cozystay_single_page_header_background_color":"","cozystay_single_page_header_background_position_x":"center","cozystay_single_page_header_background_position_y":"center","cozystay_single_page_header_background_size":"cover","cozystay_single_page_header_background_repeat":"off","cozystay_single_page_header_background_scroll":"on","cozystay_single_page_header_text_color":"","cozystay_single_page_header_show_breadcrumb":"","cozystay_single_page_site_footer_hide_main":"","cozystay_single_custom_site_footer_main_source":"","cozystay_single_custom_site_footer_main":"0","cozystay_single_page_site_footer_hide_above":"","cozystay_single_custom_site_footer_above_source":"","cozystay_single_custom_site_footer_above":"0","cozystay_single_page_site_footer_hide_instagram":"","cozystay_single_page_site_footer_hide_bottom":"","cozystay_single_custom_mobile_menu_source":"","cozystay_single_custom_mobile_menu":"0","cozystay_single_custom_mobile_menu_animation":"","cozystay_single_custom_mobile_menu_width":"","cozystay_single_custom_mobile_menu_custom_width":375,"footnotes":""},"class_list":["post-12363","page","type-page","status-publish"],"_links":{"self":[{"href":"https:\/\/www.adrianatravel.com\/hr\/wp-json\/wp\/v2\/pages\/12363","targetHints":{"allow":["GET"]}}],"collection":[{"href":"https:\/\/www.adrianatravel.com\/hr\/wp-json\/wp\/v2\/pages"}],"about":[{"href":"https:\/\/www.adrianatravel.com\/hr\/wp-json\/wp\/v2\/types\/page"}],"author":[{"embeddable":true,"href":"https:\/\/www.adrianatravel.com\/hr\/wp-json\/wp\/v2\/users\/2"}],"replies":[{"embeddable":true,"href":"https:\/\/www.adrianatravel.com\/hr\/wp-json\/wp\/v2\/comments?post=12363"}],"version-history":[{"count":1,"href":"https:\/\/www.adrianatravel.com\/hr\/wp-json\/wp\/v2\/pages\/12363\/revisions"}],"predecessor-version":[{"id":12364,"href":"https:\/\/www.adrianatravel.com\/hr\/wp-json\/wp\/v2\/pages\/12363\/revisions\/12364"}],"wp:attachment":[{"href":"https:\/\/www.adrianatravel.com\/hr\/wp-json\/wp\/v2\/media?parent=12363"}],"curies":[{"name":"wp","href":"https:\/\/api.w.org\/{rel}","templated":true}]}}