{"id":8132,"date":"2024-08-21T10:35:40","date_gmt":"2024-08-21T08:35:40","guid":{"rendered":"https:\/\/www.adrianatravel.com\/datenschutzrichtlinie\/"},"modified":"2024-08-23T10:30:51","modified_gmt":"2024-08-23T08:30:51","slug":"datenschutzrichtlinie","status":"publish","type":"page","link":"https:\/\/www.adrianatravel.com\/de\/datenschutzrichtlinie\/","title":{"rendered":"Datenschutzrichtlinie"},"content":{"rendered":"\t\t<div data-elementor-type=\"wp-page\" data-elementor-id=\"8132\" class=\"elementor elementor-8132 elementor-8098\" data-elementor-post-type=\"page\">\n\t\t\t\t\t\t<section class=\"elementor-section elementor-top-section elementor-element elementor-element-543fa289 elementor-section-height-min-height cs-section-content-fullwidth cs-parallax-on-scroll cs_scroll_y_80 elementor-section-boxed elementor-section-height-default elementor-section-items-middle\" data-id=\"543fa289\" data-element_type=\"section\" data-e-type=\"section\" data-settings=\"{&quot;background_background&quot;:&quot;classic&quot;}\" data-cs-parallax-y=\"80\">\n\t\t\t\t\t\t\t<div class=\"elementor-background-overlay\"><\/div>\n\t\t\t\t\t\t\t<div class=\"elementor-container elementor-column-gap-no\">\n\t\t\t\t\t<div class=\"elementor-column elementor-col-100 elementor-top-column elementor-element elementor-element-65a78876 dark-color\" data-id=\"65a78876\" data-element_type=\"column\" data-e-type=\"column\">\n\t\t\t<div class=\"elementor-widget-wrap elementor-element-populated\">\n\t\t\t\t\t\t<div class=\"elementor-element elementor-element-18767285 elementor-absolute elementor-widget elementor-widget-cs_title\" data-id=\"18767285\" data-element_type=\"widget\" data-e-type=\"widget\" data-settings=\"{&quot;_position&quot;:&quot;absolute&quot;}\" data-widget_type=\"cs_title.default\">\n\t\t\t\t<div class=\"elementor-widget-container\">\n\t\t\t\t\t\n        <div class=\"cs-title-wrap text-left\">\t            <h1 class=\"cs-title\">\n\t                Datenschutzrichtlinie\t            <\/h1>        <\/div>\t\t\t\t<\/div>\n\t\t\t\t<\/div>\n\t\t\t\t\t<\/div>\n\t\t<\/div>\n\t\t\t\t\t<\/div>\n\t\t<\/section>\n\t\t<div class=\"elementor-element elementor-element-60017d47 e-flex e-con-boxed e-con e-parent\" data-id=\"60017d47\" data-element_type=\"container\" data-e-type=\"container\">\n\t\t\t\t\t<div class=\"e-con-inner\">\n\t\t<div class=\"elementor-element elementor-element-4c93c26c e-con-full e-flex e-con e-child\" data-id=\"4c93c26c\" data-element_type=\"container\" data-e-type=\"container\">\n\t\t\t\t<div class=\"elementor-element elementor-element-18a6f224 elementor-widget elementor-widget-text-editor\" data-id=\"18a6f224\" data-element_type=\"widget\" data-e-type=\"widget\" data-widget_type=\"text-editor.default\">\n\t\t\t\t<div class=\"elementor-widget-container\">\n\t\t\t\t\t\t\t\t\t<h1>A. Einf\u00fchrung<\/h1>\n<ol>\n<li>Der Datenschutz unserer Website-Besucher ist uns sehr wichtig, und wir sind verpflichtet, diesen zu sch\u00fctzen. Diese Richtlinie erkl\u00e4rt, wie wir mit Ihren pers\u00f6nlichen Daten umgehen. <\/li>\n<li>Durch die Zustimmung zur Verwendung von Cookies gem\u00e4\u00df den Bedingungen dieser Richtlinie bei Ihrem ersten Besuch auf unserer Website erlauben Sie uns, Cookies jedes Mal zu verwenden, wenn Sie unsere Website besuchen.<\/li>\n<\/ol>\n<h1>B. Wie wir Ihre pers\u00f6nlichen Daten sammeln<\/h1>\n<p>Die folgenden Arten von pers\u00f6nlichen Informationen k\u00f6nnen gesammelt, gespeichert und verwendet werden:<\/p>\n<ol>\n<li>Informationen \u00fcber Ihren Computer, einschlie\u00dflich Ihrer IP-Adresse, geografischen Standort, Browsertyp und -version sowie Betriebssystem.<\/li>\n<li>Informationen \u00fcber Ihre Besuche und die Nutzung dieser Website, einschlie\u00dflich der Verweisquelle, der Besuchsdauer, der Seitenansichten und der Navigationspfade auf der Website.<\/li>\n<li>Informationen, die Sie bei der Registrierung auf unserer Website eingeben, wie z.B. Ihre E-Mail-Adresse.<\/li>\n<li>Informationen, die Sie bei der Erstellung eines Profils auf unserer Website eingeben, z.B. Ihr Name, Profilbilder, Geschlecht, Geburtstag, Beziehungsstatus, Interessen und Hobbys, Bildungsdetails und Besch\u00e4ftigungsdetails.<\/li>\n<li>Informationen, die Sie eingeben, um ein Abonnement f\u00fcr unsere E-Mails und\/oder Newsletter einzurichten.<\/li>\n<li>Informationen zu allem, was Sie kaufen, Dienstleistungen, die Sie nutzen, oder Transaktionen, die Sie \u00fcber unsere Website t\u00e4tigen, einschlie\u00dflich Ihres Namens, Ihrer Adresse, Telefonnummer, E-Mail-Adresse und Kreditkartendaten.<\/li>\n<li>Informationen zu allem, was Sie kaufen, Dienstleistungen, die Sie nutzen, oder Transaktionen, die Sie \u00fcber unsere Website t\u00e4tigen, einschlie\u00dflich Ihres Namens, Ihrer Adresse, Telefonnummer, E-Mail-Adresse und Kreditkartendaten.<\/li>\n<li>Informationen, die Sie auf unserer Website ver\u00f6ffentlichen, mit der Absicht, diese im Internet zu ver\u00f6ffentlichen.<\/li>\n<li>Alle anderen pers\u00f6nlichen Informationen, die Sie uns zusenden.<\/li>\n<\/ol>\n<ol>\n<li><strong>C. Verwendung pers\u00f6nlicher Informationen<\/strong><\/li>\n<\/ol>\n<p>Pers\u00f6nliche Informationen, die uns \u00fcber unsere Website \u00fcbermittelt werden, werden f\u00fcr die in dieser Richtlinie oder auf den entsprechenden Seiten der Website angegebenen Zwecke verwendet. Wir k\u00f6nnen Ihre pers\u00f6nlichen Informationen f\u00fcr folgende Zwecke verwenden: <\/p>\n<ol>\n<li>Verwaltung unserer Website und unseres Gesch\u00e4fts.<\/li>\n<li>Personalisierung unserer Website f\u00fcr Sie.<\/li>\n<li>Erm\u00f6glichung Ihrer Nutzung der auf unserer Website verf\u00fcgbaren Dienste.<\/li>\n<li>Versand von Waren, die Sie \u00fcber unsere Website gekauft haben.<\/li>\n<li>Bereitstellung von \u00fcber unsere Website gekauften Dienstleistungen.<\/li>\n<li>Versenden von Rechnungen, Zahlungsaufforderungen und Einzug von Zahlungen.<\/li>\n<li>Versenden von nicht-marketingbezogenen Gesch\u00e4ftskommunikationen.<\/li>\n<li>Versenden von E-Mail-Benachrichtigungen, die Sie speziell angefordert haben.<\/li>\n<li>Versenden unseres E-Mail-Newsletters, falls Sie sich daf\u00fcr angemeldet haben (Sie k\u00f6nnen sich jederzeit abmelden).<\/li>\n<li>Versenden von Marketingmitteilungen, die sich auf unser Gesch\u00e4ft oder die Gesch\u00e4fte Dritter beziehen, von denen wir glauben, dass sie f\u00fcr Sie von Interesse sein k\u00f6nnten.<\/li>\n<li>Bereitstellung von statistischen Informationen \u00fcber unsere Benutzer an Dritte.<\/li>\n<li>Bearbeitung von Anfragen und Beschwerden, die von Ihnen oder \u00fcber Sie in Bezug auf unsere Website gemacht werden.<\/li>\n<li>Sicherung unserer Website und Verhinderung von Betrug.<\/li>\n<li>\u00dcberpr\u00fcfung der Einhaltung der Bedingungen f\u00fcr die Nutzung unserer Website.<\/li>\n<li>Andere Verwendungen.<\/li>\n<\/ol>\n<p>Wenn Sie pers\u00f6nliche Informationen zur Ver\u00f6ffentlichung auf unserer Website einreichen, werden wir diese Informationen in \u00dcbereinstimmung mit der von Ihnen erteilten Lizenz ver\u00f6ffentlichen und anderweitig verwenden. <br \/>Ihre Datenschutzeinstellungen k\u00f6nnen verwendet werden, um die Ver\u00f6ffentlichung Ihrer Informationen auf unserer Website zu begrenzen und k\u00f6nnen \u00fcber Datenschutzeinstellungen auf der Website angepasst werden. <br \/>Ohne Ihre ausdr\u00fcckliche Zustimmung werden wir Ihre pers\u00f6nlichen Informationen nicht an Dritte f\u00fcr deren oder andere Dritte direkte Marketingzwecke weitergeben.<\/p>\n<h1>D. Offenlegung pers\u00f6nlicher Informationen<\/h1>\n<p>Wir k\u00f6nnen Ihre pers\u00f6nlichen Informationen an unsere Mitarbeiter, leitenden Angestellten, Versicherer, professionellen Berater, Vertreter, Lieferanten oder Unterauftragnehmer weitergeben, soweit dies f\u00fcr die in dieser Richtlinie festgelegten Zwecke erforderlich ist. <br \/>Wir k\u00f6nnen Ihre pers\u00f6nlichen Informationen an jedes Mitglied unserer Firmengruppe (dies bedeutet unsere Tochtergesellschaften, unsere endg\u00fcltige Muttergesellschaft und alle ihre Tochtergesellschaften) weitergeben, soweit dies f\u00fcr die in dieser Richtlinie festgelegten Zwecke erforderlich ist.<\/p>\n<p>Wir k\u00f6nnen Ihre pers\u00f6nlichen Informationen offenlegen:<\/p>\n<ol>\n<li>Soweit wir gesetzlich dazu verpflichtet sind;<\/li>\n<li>im Zusammenhang mit laufenden oder zuk\u00fcnftigen Gerichtsverfahren;<\/li>\n<li>um unsere gesetzlichen Rechte zu begr\u00fcnden, auszu\u00fcben oder zu verteidigen (einschlie\u00dflich der Weitergabe von Informationen an andere zum Zwecke der Betrugspr\u00e4vention und der Verringerung von Kreditrisiken);<\/li>\n<li>an den K\u00e4ufer (oder potenziellen K\u00e4ufer) eines Gesch\u00e4fts oder eines Verm\u00f6genswerts, den wir verkaufen (oder in Betracht ziehen zu verkaufen); und<\/li>\n<li>an jede Person, von der wir vern\u00fcnftigerweise annehmen, dass sie bei einem Gericht oder einer anderen zust\u00e4ndigen Beh\u00f6rde die Offenlegung dieser pers\u00f6nlichen Informationen beantragt, wenn unserer vern\u00fcnftigen Meinung nach ein solches Gericht oder eine solche Beh\u00f6rde die Offenlegung dieser pers\u00f6nlichen Informationen vern\u00fcnftigerweise anordnen w\u00fcrde.<\/li>\n<\/ol>\n<p>Sofern in dieser Richtlinie nicht anders vorgesehen, werden wir Ihre pers\u00f6nlichen Informationen nicht an Dritte weitergeben.<\/p>\n<h1>E. Internationale Daten\u00fcbertragungen<\/h1>\n<ol>\n<li>Informationen, die wir sammeln, k\u00f6nnen in jedem der L\u00e4nder, in denen wir t\u00e4tig sind, gespeichert, verarbeitet und \u00fcbertragen werden, um uns die Nutzung der Informationen gem\u00e4\u00df dieser Richtlinie zu erm\u00f6glichen.<\/li>\n<li>Informationen, die wir sammeln, k\u00f6nnen in die folgenden L\u00e4nder \u00fcbertragen werden, die keine Datenschutzgesetze haben, die denen im Europ\u00e4ischen Wirtschaftsraum entsprechen: die Vereinigten Staaten von Amerika, Russland, Japan, China und Indien.<\/li>\n<li>Pers\u00f6nliche Informationen, die Sie auf unserer Website ver\u00f6ffentlichen oder zur Ver\u00f6ffentlichung auf unserer Website einreichen, k\u00f6nnen \u00fcber das Internet weltweit verf\u00fcgbar sein. Wir k\u00f6nnen die Nutzung oder den Missbrauch solcher Informationen durch andere nicht verhindern. <\/li>\n<li>Sie stimmen der in diesem Abschnitt F beschriebenen \u00dcbertragung pers\u00f6nlicher Informationen ausdr\u00fccklich zu.<\/li>\n<\/ol>\n<h1>F. Aufbewahrung pers\u00f6nlicher Informationen<\/h1>\n<ol>\n<li>Dieser Abschnitt F legt unsere Richtlinien und Verfahren zur Datenaufbewahrung dar, die darauf abzielen, sicherzustellen, dass wir unseren gesetzlichen Verpflichtungen in Bezug auf die Aufbewahrung und L\u00f6schung pers\u00f6nlicher Informationen nachkommen.<\/li>\n<li>Pers\u00f6nliche Informationen, die wir f\u00fcr einen Zweck oder Zwecke verarbeiten, d\u00fcrfen nicht l\u00e4nger aufbewahrt werden, als es f\u00fcr diesen Zweck oder diese Zwecke erforderlich ist.<\/li>\n<li>Ungeachtet des Artikels F-2 werden wir pers\u00f6nliche Daten, die in die unten aufgef\u00fchrten Kategorien fallen, zu dem unten angegebenen Datum\/Zeit l\u00f6schen:\n<ol>\n<li>a. pers\u00f6nliche Datenart wird gel\u00f6scht {DATUM\/Zeit EINGEBEN}; und<\/li>\n<li>b. {ZUS\u00c4TZLICHE DATEN\/Zeit ENTFERNEN}.<\/li>\n<\/ol>\n<\/li>\n<li>Ungeachtet der anderen Bestimmungen dieses Abschnitts F werden wir Dokumente (einschlie\u00dflich elektronischer Dokumente) enthaltene pers\u00f6nliche Daten aufbewahren:\n<ol>\n<li>a. soweit wir gesetzlich dazu verpflichtet sind;<\/li>\n<li>b. wenn wir glauben, dass die Dokumente f\u00fcr laufende oder zuk\u00fcnftige Gerichtsverfahren relevant sein k\u00f6nnten; und<\/li>\n<li>c. um unsere gesetzlichen Rechte zu begr\u00fcnden, auszu\u00fcben oder zu verteidigen (einschlie\u00dflich der Weitergabe von Informationen an andere zum Zwecke der Betrugspr\u00e4vention und der Verringerung von Kreditrisiken).<\/li>\n<\/ol>\n<\/li>\n<\/ol>\n<h1>G. Sicherheit Ihrer pers\u00f6nlichen Informationen<\/h1>\n<ol>\n<li>Wir werden angemessene technische und organisatorische Vorkehrungen treffen, um den Verlust, Missbrauch oder die \u00c4nderung Ihrer pers\u00f6nlichen Informationen zu verhindern. <\/li>\n<li>Wir werden alle pers\u00f6nlichen Informationen, die Sie uns zur Verf\u00fcgung stellen, auf unseren sicheren (passwort- und firewallgesch\u00fctzten) Servern speichern.<\/li>\n<li>Alle elektronischen Finanztransaktionen, die \u00fcber unsere Website get\u00e4tigt werden, sind durch Verschl\u00fcsselungstechnologie gesch\u00fctzt. <\/li>\n<li>Sie erkennen an, dass die \u00dcbertragung von Informationen \u00fcber das Internet von Natur aus unsicher ist, und wir k\u00f6nnen die Sicherheit von \u00fcber das Internet gesendeten Daten nicht garantieren. <\/li>\n<li>Sie sind daf\u00fcr verantwortlich, das Passwort, das Sie f\u00fcr den Zugriff auf unsere Website verwenden, vertraulich zu behandeln; wir werden Sie nicht nach Ihrem Passwort fragen (au\u00dfer beim Einloggen auf unserer Website).<\/li>\n<\/ol>\n<h1>H. \u00c4nderungen<\/h1>\n<p>Wir k\u00f6nnen diese Richtlinie von Zeit zu Zeit aktualisieren, indem wir eine neue Version auf unserer Website ver\u00f6ffentlichen. Sie sollten diese Seite gelegentlich \u00fcberpr\u00fcfen, um sicherzustellen, dass Sie mit \u00c4nderungen an dieser Richtlinie vertraut sind. Wir k\u00f6nnen Sie \u00fcber \u00c4nderungen an dieser Richtlinie per E-Mail oder \u00fcber das private Nachrichtensystem auf unserer Website benachrichtigen.  <\/p>\n<h1>I. Ihre Rechte<\/h1>\n<p>Sie k\u00f6nnen uns anweisen, Ihnen alle pers\u00f6nlichen Informationen, die wir \u00fcber Sie gespeichert haben, bereitzustellen; die Bereitstellung solcher Informationen unterliegt den folgenden Bedingungen:<\/p>\n<ol>\n<li>der Zahlung einer Geb\u00fchr; und<\/li>\n<li>der Vorlage eines geeigneten Identit\u00e4tsnachweises ({TEXT ANPASSEN ZUR REFLEKTION IHRER RICHTLINIE &#8211; hierf\u00fcr akzeptieren wir in der Regel eine beglaubigte Kopie Ihres Reisepasses durch einen Notar plus eine Originalkopie einer Stromrechnung, die Ihre aktuelle Adresse zeigt}).<\/li>\n<\/ol>\n<p>Wir k\u00f6nnen pers\u00f6nliche Informationen, die Sie anfordern, im gesetzlich zul\u00e4ssigen Umfang zur\u00fcckhalten. <br \/>Sie k\u00f6nnen uns jederzeit anweisen, Ihre pers\u00f6nlichen Informationen nicht f\u00fcr Marketingzwecke zu verarbeiten.<br \/>In der Praxis werden Sie normalerweise entweder im Voraus ausdr\u00fccklich unserer Verwendung Ihrer pers\u00f6nlichen Informationen f\u00fcr Marketingzwecke zustimmen, oder wir werden Ihnen die M\u00f6glichkeit bieten, die Verwendung Ihrer pers\u00f6nlichen Informationen f\u00fcr Marketingzwecke abzulehnen.<\/p>\n<h1>J. Websites von Drittanbietern<\/h1>\n<p>Unsere Website enth\u00e4lt Hyperlinks zu und Details von Websites Dritter. Wir haben keine Kontrolle \u00fcber und sind nicht verantwortlich f\u00fcr die Datenschutzrichtlinien und -praktiken Dritter. <\/p>\n<h1>K. Aktualisierung von Informationen<\/h1>\n<p>Bitte lassen Sie uns wissen, wenn die pers\u00f6nlichen Informationen, die wir \u00fcber Sie gespeichert haben, korrigiert oder aktualisiert werden m\u00fcssen.<\/p>\n<h1>L. Cookies<\/h1>\n<p>Unsere Website verwendet Cookies. Ein Cookie ist eine Datei, die eine Kennung enth\u00e4lt (eine Zeichenfolge aus Buchstaben und Zahlen), die von einem Webserver an einen Webbrowser gesendet und vom Browser gespeichert wird. Die Kennung wird dann jedes Mal an den Server zur\u00fcckgesendet, wenn der Browser eine Seite vom Server anfordert. Cookies k\u00f6nnen entweder \u201edauerhafte\u201c Cookies oder \u201eSitzungscookies\u201c sein: Ein dauerhaftes Cookie wird von einem Webbrowser gespeichert und bleibt bis zum festgelegten Ablaufdatum g\u00fcltig, es sei denn, der Benutzer l\u00f6scht es vor dem Ablaufdatum; ein Sitzungscookie hingegen l\u00e4uft am Ende der Benutzersitzung ab, wenn der Webbrowser geschlossen wird. Cookies enthalten normalerweise keine Informationen, die einen Benutzer pers\u00f6nlich identifizieren, aber pers\u00f6nliche Informationen, die wir \u00fcber Sie speichern, k\u00f6nnen mit den in Cookies gespeicherten und aus diesen gewonnenen Informationen verkn\u00fcpft werden. {W\u00e4hlen Sie die zutreffende Formulierung: Wir verwenden nur Sitzungscookies \/ nur dauerhafte Cookies \/ sowohl Sitzungscookies als auch dauerhafte Cookies auf unserer Website.}     <\/p>\n<ol>\n<li><strong>Die Namen der Cookies, die wir auf unserer Website verwenden, und die Zwecke, f\u00fcr die sie verwendet werden, sind unten aufgef\u00fchrt:<\/strong><\/li>\n<\/ol>\n<ol>\n<li>a. Wir verwenden Google Analytics und Adwords auf unserer Website, um einen Computer zu erkennen, wenn ein Benutzer {F\u00fcgen Sie alle Verwendungszwecke f\u00fcr Cookies auf Ihrer Website hinzu: die Website besucht \/ Benutzer verfolgt, w\u00e4hrend sie auf der Website navigieren \/ die Nutzung eines Warenkorbs auf der Website erm\u00f6glicht \/ die Benutzerfreundlichkeit der Website verbessert \/ die Nutzung der Website analysiert \/ die Website verwaltet \/ Betrug verhindert und die Sicherheit der Website verbessert \/ die Website f\u00fcr jeden Benutzer personalisiert \/ gezielte Werbung schaltet, die f\u00fcr bestimmte Benutzer von besonderem Interesse sein k\u00f6nnte \/ Zweck(e) beschreiben}.<\/li>\n<\/ol>\n<ol start=\"2\">\n<li><strong>Die meisten Browser erm\u00f6glichen es Ihnen, Cookies abzulehnen \u2013 zum Beispiel:<\/strong>\n<ol>\n<li>a. In Internet Explorer (Version 10) k\u00f6nnen Sie Cookies blockieren, indem Sie die Einstellungen zur Cookie-Handhabung \u00fcberschreiben, indem Sie auf \u201eExtras\u201c, \u201eInternetoptionen\u201c, \u201eDatenschutz\u201c und dann auf \u201eErweitert\u201c klicken.<\/li>\n<\/ol>\n<\/li>\n<\/ol>\n<ol>\n<li>b. In Firefox (Version 24) k\u00f6nnen Sie alle Cookies blockieren, indem Sie auf \u201eExtras\u201c, \u201eOptionen\u201c, \u201eDatenschutz\u201c klicken, \u201eBenutzerdefinierte Einstellungen f\u00fcr den Verlauf verwenden\u201c aus dem Dropdown-Men\u00fc ausw\u00e4hlen und \u201eCookies akzeptieren\u201c von Sites deaktivieren.<\/li>\n<li>c. In Chrome (Version 29) k\u00f6nnen Sie alle Cookies blockieren, indem Sie auf das Men\u00fc \u201eAnpassen und steuern\u201c zugreifen, auf \u201eEinstellungen\u201c, \u201eErweiterte Einstellungen anzeigen\u201c und \u201eInhaltseinstellungen\u201c klicken und dann \u201eWebsites daran hindern, Daten zu setzen\u201c unter der \u00dcberschrift \u201eCookies\u201c ausw\u00e4hlen.<\/li>\n<\/ol>\n<p>Das Blockieren aller Cookies hat negative Auswirkungen auf die Benutzerfreundlichkeit vieler Websites. Wenn Sie Cookies blockieren, k\u00f6nnen Sie m\u00f6glicherweise nicht alle Funktionen auf unserer Website nutzen. <\/p>\n<ol start=\"3\">\n<li><strong>Sie k\u00f6nnen Cookies, die bereits auf Ihrem Computer gespeichert sind, l\u00f6schen \u2013 zum Beispiel:<\/strong>\n<ol>\n<li>a. In Internet Explorer (Version 10) m\u00fcssen Sie Cookie-Dateien manuell l\u00f6schen (Anleitungen dazu finden Sie unter <a href=\"http:\/\/support.microsoft.com\/kb\/278835\">http:\/\/support.microsoft.com\/kb\/278835<\/a> ); <\/li>\n<li>b. In Firefox (Version 24) k\u00f6nnen Sie Cookies l\u00f6schen, indem Sie auf \u201eExtras\u201c, \u201eOptionen\u201c und \u201eDatenschutz\u201c klicken, dann \u201eBenutzerdefinierte Einstellungen f\u00fcr den Verlauf verwenden\u201c ausw\u00e4hlen, auf \u201eCookies anzeigen\u201c klicken und dann \u201eAlle Cookies entfernen\u201c anklicken. <\/li>\n<li>c. In Chrome (Version 29) k\u00f6nnen Sie alle Cookies l\u00f6schen, indem Sie auf das Men\u00fc \u201eAnpassen und steuern\u201c zugreifen, auf \u201eEinstellungen\u201c, \u201eErweiterte Einstellungen anzeigen\u201c und \u201eBrowserdaten l\u00f6schen\u201c klicken und dann \u201eCookies und andere Websitedaten und Plug-in-Daten l\u00f6schen\u201c ausw\u00e4hlen, bevor Sie auf \u201eBrowserdaten l\u00f6schen\u201c klicken.<\/li>\n<\/ol>\n<\/li>\n<\/ol>\n<ol start=\"4\">\n<li><strong>Das L\u00f6schen von Cookies hat negative Auswirkungen auf die Benutzerfreundlichkeit vieler Websites.<\/strong><\/li>\n<\/ol>\n\t\t\t\t\t\t\t\t<\/div>\n\t\t\t\t<\/div>\n\t\t\t\t<\/div>\n\t\t\t\t\t<\/div>\n\t\t\t\t<\/div>\n\t\t\t\t<\/div>\n\t\t","protected":false},"excerpt":{"rendered":"<p>Datenschutzrichtlinie A. Einf\u00fchrung Der Datenschutz unserer Website-Besucher ist uns sehr wichtig, und wir sind verpflichtet, diesen zu sch\u00fctzen. Diese Richtlinie erkl\u00e4rt, wie wir mit Ihren pers\u00f6nlichen Daten umgehen. Durch die Zustimmung zur Verwendung von Cookies gem\u00e4\u00df den Bedingungen dieser Richtlinie bei Ihrem ersten Besuch auf unserer Website erlauben Sie uns, Cookies jedes Mal zu verwenden, &#8230;<\/p>\n","protected":false},"author":2,"featured_media":0,"parent":0,"menu_order":0,"comment_status":"closed","ping_status":"closed","template":"elementor_header_footer","meta":{"_seopress_robots_primary_cat":"","_seopress_titles_title":"","_seopress_titles_desc":"","_seopress_robots_index":"","cozystay_single_page_hide_site_header":"","cozystay_single_page_site_header_source":"","cozystay_single_page_custom_site_header":"0","cozystay_single_page_custom_sticky_site_header":"0","cozystay_single_page_hide_page_title":"","cozystay_single_page_header_section_size":"","cozystay_single_page_header_background_color":"","cozystay_single_page_header_background_position_x":"center","cozystay_single_page_header_background_position_y":"center","cozystay_single_page_header_background_size":"cover","cozystay_single_page_header_background_repeat":"off","cozystay_single_page_header_background_scroll":"on","cozystay_single_page_header_text_color":"","cozystay_single_page_header_show_breadcrumb":"","cozystay_single_page_site_footer_hide_main":"","cozystay_single_custom_site_footer_main_source":"","cozystay_single_custom_site_footer_main":"0","cozystay_single_page_site_footer_hide_above":"","cozystay_single_custom_site_footer_above_source":"","cozystay_single_custom_site_footer_above":"0","cozystay_single_page_site_footer_hide_instagram":"","cozystay_single_page_site_footer_hide_bottom":"","cozystay_single_custom_mobile_menu_source":"","cozystay_single_custom_mobile_menu":"0","cozystay_single_custom_mobile_menu_animation":"","cozystay_single_custom_mobile_menu_width":"","cozystay_single_custom_mobile_menu_custom_width":375,"footnotes":""},"class_list":["post-8132","page","type-page","status-publish"],"_links":{"self":[{"href":"https:\/\/www.adrianatravel.com\/de\/wp-json\/wp\/v2\/pages\/8132","targetHints":{"allow":["GET"]}}],"collection":[{"href":"https:\/\/www.adrianatravel.com\/de\/wp-json\/wp\/v2\/pages"}],"about":[{"href":"https:\/\/www.adrianatravel.com\/de\/wp-json\/wp\/v2\/types\/page"}],"author":[{"embeddable":true,"href":"https:\/\/www.adrianatravel.com\/de\/wp-json\/wp\/v2\/users\/2"}],"replies":[{"embeddable":true,"href":"https:\/\/www.adrianatravel.com\/de\/wp-json\/wp\/v2\/comments?post=8132"}],"version-history":[{"count":0,"href":"https:\/\/www.adrianatravel.com\/de\/wp-json\/wp\/v2\/pages\/8132\/revisions"}],"wp:attachment":[{"href":"https:\/\/www.adrianatravel.com\/de\/wp-json\/wp\/v2\/media?parent=8132"}],"curies":[{"name":"wp","href":"https:\/\/api.w.org\/{rel}","templated":true}]}}