{"id":8006,"date":"2024-06-03T14:51:56","date_gmt":"2024-06-03T12:51:56","guid":{"rendered":"https:\/\/www.adrianatravel.com\/eu-fonds\/"},"modified":"2024-08-10T19:25:52","modified_gmt":"2024-08-10T17:25:52","slug":"eu-fonds","status":"publish","type":"page","link":"https:\/\/www.adrianatravel.com\/de\/eu-fonds\/","title":{"rendered":"EU-Fonds"},"content":{"rendered":"\t\t<div data-elementor-type=\"wp-page\" data-elementor-id=\"8006\" class=\"elementor elementor-8006 elementor-6860\" data-elementor-post-type=\"page\">\n\t\t\t\t\t\t<section class=\"elementor-section elementor-top-section elementor-element elementor-element-60ef8b56 elementor-section-height-min-height cs-section-content-fullwidth cs-parallax-on-scroll cs_scroll_y_80 elementor-section-boxed elementor-section-height-default elementor-section-items-middle\" data-id=\"60ef8b56\" data-element_type=\"section\" data-e-type=\"section\" data-settings=\"{&quot;background_background&quot;:&quot;classic&quot;}\" data-cs-parallax-y=\"80\">\n\t\t\t\t\t\t\t<div class=\"elementor-background-overlay\"><\/div>\n\t\t\t\t\t\t\t<div class=\"elementor-container elementor-column-gap-no\">\n\t\t\t\t\t<div class=\"elementor-column elementor-col-100 elementor-top-column elementor-element elementor-element-fbfbd71 dark-color\" data-id=\"fbfbd71\" data-element_type=\"column\" data-e-type=\"column\">\n\t\t\t<div class=\"elementor-widget-wrap elementor-element-populated\">\n\t\t\t\t\t\t<div class=\"elementor-element elementor-element-603e7ae8 elementor-absolute elementor-widget elementor-widget-cs_title\" data-id=\"603e7ae8\" data-element_type=\"widget\" data-e-type=\"widget\" data-settings=\"{&quot;_position&quot;:&quot;absolute&quot;}\" data-widget_type=\"cs_title.default\">\n\t\t\t\t<div class=\"elementor-widget-container\">\n\t\t\t\t\t\n        <div class=\"cs-title-wrap text-left\">\t            <h1 class=\"cs-title\">\n\t                EU-Fonds\t            <\/h1>        <\/div>\t\t\t\t<\/div>\n\t\t\t\t<\/div>\n\t\t\t\t\t<\/div>\n\t\t<\/div>\n\t\t\t\t\t<\/div>\n\t\t<\/section>\n\t\t<div class=\"elementor-element elementor-element-31d1eec9 e-flex e-con-boxed e-con e-parent\" data-id=\"31d1eec9\" data-element_type=\"container\" data-e-type=\"container\">\n\t\t\t\t\t<div class=\"e-con-inner\">\n\t\t<div class=\"elementor-element elementor-element-38b810ed e-con-full e-flex e-con e-child\" data-id=\"38b810ed\" data-element_type=\"container\" data-e-type=\"container\">\n\t\t\t\t<div class=\"elementor-element elementor-element-67d1af37 elementor-widget elementor-widget-text-editor\" data-id=\"67d1af37\" data-element_type=\"widget\" data-e-type=\"widget\" data-widget_type=\"text-editor.default\">\n\t\t\t\t<div class=\"elementor-widget-container\">\n\t\t\t\t\t\t\t\t\t<p style=\"font-weight: 400;\">Das Ziel des Projekts \u201eSteigerung der Wettbewerbsf\u00e4higkeit auf dem internationalen Markt der Gesellschaft Aronda Adriana Travel d.o.o.\u201c ist eine st\u00e4rkere Etablierung und Erh\u00f6hung der Wettbewerbsf\u00e4higkeit auf ausl\u00e4ndischen M\u00e4rkten durch die Teilnahme an internationalen Tourismusmessen, um ausl\u00e4ndische Gesch\u00e4ftspartner mit den touristischen Dienstleistungen, die den G\u00e4sten angeboten werden, vertraut zu machen, was die Wettbewerbsf\u00e4higkeit der Gesellschaft auf internationaler und globaler Ebene steigern wird. Die Zielgruppen, die vom Projekt erfasst werden, sind alle Mitarbeiter der Gesellschaft, gegenw\u00e4rtige und zuk\u00fcnftige Kunden und Partner sowie die n\u00e4here und weitere Gemeinschaft.<\/p>\n<p style=\"font-weight: 400;\">Projektname: Steigerung der Wettbewerbsf\u00e4higkeit auf dem internationalen Markt der Gesellschaft Aronda Adriana Travel d.o.o.<\/p>\n<p style=\"font-weight: 400;\">Name des Nutznie\u00dfers: Aronda Adriana Travel d.o.o.<\/p>\n<p style=\"font-weight: 400;\">Gesamtwert des Projekts: 1.215.105,00 HRK<\/p>\n<p style=\"font-weight: 400;\">EU-Kofinanzierung des Projekts: 988.265,75 HRK<\/p>\n<p style=\"font-weight: 400;\">Durchf\u00fchrungszeitraum des Projekts: 15. Januar 2019 bis 15. Oktober 2020<\/p>\n<p style=\"font-weight: 400;\">F\u00fcr weitere Informationen zum Projekt k\u00f6nnen Sie uns unter: <a href=\"mailto:info@adrianatravel.com\">info@adrianatravel.com<\/a><\/p>\n<p style=\"font-weight: 400;\"><em>F\u00fcr weitere Informationen \u00fcber die europ\u00e4ischen Struktur- und Investitionsfonds besuchen Sie bitte <a href=\"http:\/\/www.strukturnifondovi.hr\/\" data-saferedirecturl=\"https:\/\/www.google.com\/url?q=http:\/\/www.strukturnifondovi.hr\/&amp;source=gmail&amp;ust=1717505119933000&amp;usg=AOvVaw1dyRBEtOAndorMpq9FtLGr\">www.strukturnifondovi.hr<\/a><\/em><\/p>\n\t\t\t\t\t\t\t\t<\/div>\n\t\t\t\t<\/div>\n\t\t\t\t<\/div>\n\t\t\t\t\t<\/div>\n\t\t\t\t<\/div>\n\t\t\t\t<\/div>\n\t\t","protected":false},"excerpt":{"rendered":"<p>EU-Fonds Das Ziel des Projekts \u201eSteigerung der Wettbewerbsf\u00e4higkeit auf dem internationalen Markt der Gesellschaft Aronda Adriana Travel d.o.o.\u201c ist eine st\u00e4rkere Etablierung und Erh\u00f6hung der Wettbewerbsf\u00e4higkeit auf ausl\u00e4ndischen M\u00e4rkten durch die Teilnahme an internationalen Tourismusmessen, um ausl\u00e4ndische Gesch\u00e4ftspartner mit den touristischen Dienstleistungen, die den G\u00e4sten angeboten werden, vertraut zu machen, was die Wettbewerbsf\u00e4higkeit der Gesellschaft &#8230;<\/p>\n","protected":false},"author":2,"featured_media":0,"parent":0,"menu_order":0,"comment_status":"closed","ping_status":"closed","template":"elementor_header_footer","meta":{"_seopress_robots_primary_cat":"","_seopress_titles_title":"","_seopress_titles_desc":"","_seopress_robots_index":"","cozystay_single_page_hide_site_header":"","cozystay_single_page_site_header_source":"","cozystay_single_page_custom_site_header":"0","cozystay_single_page_custom_sticky_site_header":"0","cozystay_single_page_hide_page_title":"","cozystay_single_page_header_section_size":"","cozystay_single_page_header_background_color":"","cozystay_single_page_header_background_position_x":"center","cozystay_single_page_header_background_position_y":"center","cozystay_single_page_header_background_size":"cover","cozystay_single_page_header_background_repeat":"off","cozystay_single_page_header_background_scroll":"on","cozystay_single_page_header_text_color":"","cozystay_single_page_header_show_breadcrumb":"","cozystay_single_page_site_footer_hide_main":"","cozystay_single_custom_site_footer_main_source":"","cozystay_single_custom_site_footer_main":"0","cozystay_single_page_site_footer_hide_above":"","cozystay_single_custom_site_footer_above_source":"","cozystay_single_custom_site_footer_above":"0","cozystay_single_page_site_footer_hide_instagram":"","cozystay_single_page_site_footer_hide_bottom":"","cozystay_single_custom_mobile_menu_source":"","cozystay_single_custom_mobile_menu":"0","cozystay_single_custom_mobile_menu_animation":"","cozystay_single_custom_mobile_menu_width":"","cozystay_single_custom_mobile_menu_custom_width":375,"footnotes":""},"class_list":["post-8006","page","type-page","status-publish"],"_links":{"self":[{"href":"https:\/\/www.adrianatravel.com\/de\/wp-json\/wp\/v2\/pages\/8006","targetHints":{"allow":["GET"]}}],"collection":[{"href":"https:\/\/www.adrianatravel.com\/de\/wp-json\/wp\/v2\/pages"}],"about":[{"href":"https:\/\/www.adrianatravel.com\/de\/wp-json\/wp\/v2\/types\/page"}],"author":[{"embeddable":true,"href":"https:\/\/www.adrianatravel.com\/de\/wp-json\/wp\/v2\/users\/2"}],"replies":[{"embeddable":true,"href":"https:\/\/www.adrianatravel.com\/de\/wp-json\/wp\/v2\/comments?post=8006"}],"version-history":[{"count":0,"href":"https:\/\/www.adrianatravel.com\/de\/wp-json\/wp\/v2\/pages\/8006\/revisions"}],"wp:attachment":[{"href":"https:\/\/www.adrianatravel.com\/de\/wp-json\/wp\/v2\/media?parent=8006"}],"curies":[{"name":"wp","href":"https:\/\/api.w.org\/{rel}","templated":true}]}}